{"id":2206,"date":"2024-11-06T14:20:06","date_gmt":"2024-11-06T13:20:06","guid":{"rendered":"https:\/\/mesfrienddisent.com\/?page_id=2206"},"modified":"2025-11-17T21:41:40","modified_gmt":"2025-11-17T20:41:40","slug":"contact-2","status":"publish","type":"page","link":"https:\/\/mesfrienddisent.com\/?page_id=2206","title":{"rendered":"Formulaire de Contact"},"content":{"rendered":"\t\t<div data-elementor-type=\"wp-page\" data-elementor-id=\"2206\" class=\"elementor elementor-2206\">\n\t\t\t\t<div class=\"elementor-element elementor-element-2caac0d9 e-flex e-con-boxed e-con e-parent\" data-id=\"2caac0d9\" data-element_type=\"container\" data-e-type=\"container\" data-settings=\"{&quot;background_background&quot;:&quot;classic&quot;}\">\n\t\t\t\t\t<div class=\"e-con-inner\">\n\t\t\t\t<div class=\"elementor-element elementor-element-157a62f5 elementor-widget elementor-widget-shortcode\" data-id=\"157a62f5\" data-element_type=\"widget\" data-e-type=\"widget\" data-widget_type=\"shortcode.default\">\n\t\t\t\t<div class=\"elementor-widget-container\">\n\t\t\t\t\t\t\t<div class=\"elementor-shortcode\"><\/div>\n\t\t\t\t\t\t<\/div>\n\t\t\t\t<\/div>\n\t\t\t\t<div class=\"elementor-element elementor-element-341a8b4a elementor-widget elementor-widget-heading\" data-id=\"341a8b4a\" data-element_type=\"widget\" data-e-type=\"widget\" data-widget_type=\"heading.default\">\n\t\t\t\t<div class=\"elementor-widget-container\">\n\t\t\t\t\t<h2 class=\"elementor-heading-title elementor-size-default\">Formulaire de contact<\/h2>\t\t\t\t<\/div>\n\t\t\t\t<\/div>\n\t\t\t\t\t<\/div>\n\t\t\t\t<\/div>\n\t\t<div class=\"elementor-element elementor-element-aa8f0d e-flex e-con-boxed e-con e-parent\" data-id=\"aa8f0d\" data-element_type=\"container\" data-e-type=\"container\">\n\t\t\t\t\t<div class=\"e-con-inner\">\n\t\t<div class=\"elementor-element elementor-element-cbe5e5c e-flex e-con-boxed e-con e-child\" data-id=\"cbe5e5c\" data-element_type=\"container\" data-e-type=\"container\" data-settings=\"{&quot;background_background&quot;:&quot;classic&quot;}\">\n\t\t\t\t\t<div class=\"e-con-inner\">\n\t\t<div class=\"elementor-element elementor-element-3767252b e-con-full e-flex e-con e-child\" data-id=\"3767252b\" data-element_type=\"container\" data-e-type=\"container\">\n\t\t\t\t<div class=\"elementor-element elementor-element-b45c2db elementor-widget-divider--view-line elementor-widget elementor-widget-divider\" data-id=\"b45c2db\" data-element_type=\"widget\" data-e-type=\"widget\" data-widget_type=\"divider.default\">\n\t\t\t\t<div class=\"elementor-widget-container\">\n\t\t\t\t\t\t\t<div class=\"elementor-divider\">\n\t\t\t<span class=\"elementor-divider-separator\">\n\t\t\t\t\t\t<\/span>\n\t\t<\/div>\n\t\t\t\t\t\t<\/div>\n\t\t\t\t<\/div>\n\t\t\t\t<\/div>\n\t\t<div class=\"elementor-element elementor-element-198566ca e-con-full e-flex e-con e-child\" data-id=\"198566ca\" data-element_type=\"container\" data-e-type=\"container\">\n\t\t\t\t<div class=\"elementor-element elementor-element-6ed5174b elementor-widget elementor-widget-heading\" data-id=\"6ed5174b\" data-element_type=\"widget\" data-e-type=\"widget\" data-widget_type=\"heading.default\">\n\t\t\t\t<div class=\"elementor-widget-container\">\n\t\t\t\t\t<h2 class=\"elementor-heading-title elementor-size-default\">PROFESSIONNEL DU CAKE DESIGN<\/h2>\t\t\t\t<\/div>\n\t\t\t\t<\/div>\n\t\t\t\t<\/div>\n\t\t<div class=\"elementor-element elementor-element-3ce63cc7 e-con-full e-flex e-con e-child\" data-id=\"3ce63cc7\" data-element_type=\"container\" data-e-type=\"container\">\n\t\t\t\t<div class=\"elementor-element elementor-element-44f5bfc5 elementor-widget elementor-widget-text-editor\" data-id=\"44f5bfc5\" data-element_type=\"widget\" data-e-type=\"widget\" data-widget_type=\"text-editor.default\">\n\t\t\t\t<div class=\"elementor-widget-container\">\n\t\t\t\t\t\t\t\t\t<div class=\"ewa-rteLine\">Je suis Lise, la cr\u00e9atrice passionn\u00e9e derri\u00e8re Mes Friends disent, une entreprise d\u00e9di\u00e9e \u00e0 la conception artisanale de g\u00e2teaux sur mesure. Apr\u00e8s presque 10 ans \u00e0 explorer les d\u00e9lices de la p\u00e2tisserie, je fais de ma passion mon m\u00e9tier. Un choix audacieux qui a germ\u00e9 pendant mon cong\u00e9 parental.<\/div><div class=\"ewa-rteLine\">\u00a0<\/div>\t\t\t\t\t\t\t\t<\/div>\n\t\t\t\t<\/div>\n\t\t\t\t<\/div>\n\t\t\t\t\t<\/div>\n\t\t\t\t<\/div>\n\t\t\t\t\t<\/div>\n\t\t\t\t<\/div>\n\t\t<div class=\"elementor-element elementor-element-316b7a88 e-flex e-con-boxed e-con e-parent\" data-id=\"316b7a88\" data-element_type=\"container\" data-e-type=\"container\" data-settings=\"{&quot;background_background&quot;:&quot;classic&quot;}\">\n\t\t\t\t\t<div class=\"e-con-inner\">\n\t\t<div class=\"elementor-element elementor-element-563d612f e-con-full e-flex e-con e-child\" data-id=\"563d612f\" data-element_type=\"container\" data-e-type=\"container\">\n\t\t\t\t<div class=\"elementor-element elementor-element-5fe5cb0 elementor-widget elementor-widget-wpforms\" data-id=\"5fe5cb0\" data-element_type=\"widget\" data-e-type=\"widget\" data-widget_type=\"wpforms.default\">\n\t\t\t\t<div class=\"elementor-widget-container\">\n\t\t\t\t\t<div class=\"wpforms-container ct-custom-button ct-custom-spacing wpforms-render-modern\" id=\"wpforms-541\"><form id=\"wpforms-form-541\" class=\"wpforms-validate wpforms-form\" data-formid=\"541\" method=\"post\" enctype=\"multipart\/form-data\" action=\"\/index.php?rest_route=%2Fwp%2Fv2%2Fpages%2F2206\" data-token=\"ca57e76f2ad79c08d80d7b3b1a1aae13\" data-token-time=\"1776288880\"><noscript class=\"wpforms-error-noscript\">Veuillez activer JavaScript dans votre navigateur pour remplir ce formulaire.<\/noscript><div id=\"wpforms-error-noscript\" style=\"display: none;\">Veuillez activer JavaScript dans votre navigateur pour remplir ce formulaire.<\/div><div class=\"wpforms-field-container\"><div id=\"wpforms-541-field_0-container\" class=\"wpforms-field wpforms-field-name\" data-field-id=\"0\"><fieldset><legend class=\"wpforms-field-label wpforms-label-hide\" aria-hidden=\"false\">Nom <span class=\"wpforms-required-label\" aria-hidden=\"true\">*<\/span><\/legend><div class=\"wpforms-field-row wpforms-field-large\"><div class=\"wpforms-field-row-block wpforms-first wpforms-one-half\"><input type=\"text\" id=\"wpforms-541-field_0\" class=\"wpforms-field-name-first wpforms-field-required\" name=\"wpforms[fields][0][first]\" placeholder=\"Pr\u00e9nom\" aria-errormessage=\"wpforms-541-field_0-error\" required><label for=\"wpforms-541-field_0\" class=\"wpforms-field-sublabel after wpforms-sublabel-hide\">Pr\u00e9nom<\/label><\/div><div class=\"wpforms-field-row-block wpforms-one-half\"><input type=\"text\" id=\"wpforms-541-field_0-last\" class=\"wpforms-field-name-last wpforms-field-required\" name=\"wpforms[fields][0][last]\" placeholder=\"Nom\" aria-errormessage=\"wpforms-541-field_0-last-error\" required><label for=\"wpforms-541-field_0-last\" class=\"wpforms-field-sublabel after wpforms-sublabel-hide\">Nom<\/label><\/div><\/div><\/fieldset><\/div><div id=\"wpforms-541-field_9-container\" class=\"wpforms-field wpforms-field-text\" data-field-id=\"9\"><label class=\"wpforms-field-label\" for=\"wpforms-541-field_9\">T\u00e9l\u00e9phone<\/label><input type=\"text\" id=\"wpforms-541-field_9\" class=\"wpforms-field-medium\" name=\"wpforms[fields][9]\" aria-errormessage=\"wpforms-541-field_9-error\" ><\/div><div id=\"wpforms-541-field_1-container\" class=\"wpforms-field wpforms-field-email\" data-field-id=\"1\"><label class=\"wpforms-field-label wpforms-label-hide\" for=\"wpforms-541-field_1\" aria-hidden=\"false\">Email <span class=\"wpforms-required-label\" aria-hidden=\"true\">*<\/span><\/label><input type=\"email\" id=\"wpforms-541-field_1\" class=\"wpforms-field-large wpforms-field-required\" name=\"wpforms[fields][1]\" placeholder=\"Email\" spellcheck=\"false\" aria-errormessage=\"wpforms-541-field_1-error\" required><\/div><div id=\"wpforms-541-field_11-container\" class=\"wpforms-field wpforms-field-text\" data-field-id=\"11\"><label class=\"wpforms-field-label\" for=\"wpforms-541-field_11\">Lieu, si livraison<\/label><input type=\"text\" id=\"wpforms-541-field_11\" class=\"wpforms-field-medium\" name=\"wpforms[fields][11]\" aria-errormessage=\"wpforms-541-field_11-error\" ><\/div><div id=\"wpforms-541-field_13-container\" class=\"wpforms-field wpforms-field-text\" data-field-id=\"13\"><label class=\"wpforms-field-label\" for=\"wpforms-541-field_13\">Date de l&#039;\u00e9v\u00e8nement<\/label><input type=\"text\" id=\"wpforms-541-field_13\" class=\"wpforms-field-medium\" name=\"wpforms[fields][13]\" aria-errormessage=\"wpforms-541-field_13-error\" ><\/div><div id=\"wpforms-541-field_10-container\" class=\"wpforms-field wpforms-field-text\" data-field-id=\"10\"><label class=\"wpforms-field-label\" for=\"wpforms-541-field_10\">Si autres pr\u00e9siser<\/label><input type=\"text\" id=\"wpforms-541-field_10\" class=\"wpforms-field-medium\" name=\"wpforms[fields][10]\" aria-errormessage=\"wpforms-541-field_10-error\" ><\/div><div id=\"wpforms-541-field_8-container\" class=\"wpforms-field wpforms-field-select wpforms-field-select-style-classic\" data-field-id=\"8\"><label class=\"wpforms-field-label\" for=\"wpforms-541-field_8\">Choix type g\u00e2teau<\/label><select id=\"wpforms-541-field_8\" class=\"wpforms-field-medium\" name=\"wpforms[fields][8]\"><option value=\"Premier choix\"  class=\"choice-1 depth-1\"  >Premier choix<\/option><option value=\"Deuxi\u00e8me choix\"  class=\"choice-2 depth-1\"  >Deuxi\u00e8me choix<\/option><option value=\"Troisi\u00e8me choix\"  class=\"choice-3 depth-1\"  >Troisi\u00e8me choix<\/option><\/select><\/div><div id=\"wpforms-541-field_7-container\" class=\"wpforms-field wpforms-field-select wpforms-field-select-style-classic\" data-field-id=\"7\"><label class=\"wpforms-field-label\" for=\"wpforms-541-field_7\">Choix du go\u00fbt<\/label><select id=\"wpforms-541-field_7\" class=\"wpforms-field-medium\" name=\"wpforms[fields][7]\"><option value=\"Premier choix\"  class=\"choice-1 depth-1\"  >Premier choix<\/option><option value=\"Deuxi\u00e8me choix\"  class=\"choice-2 depth-1\"  >Deuxi\u00e8me choix<\/option><option value=\"Troisi\u00e8me choix\"  class=\"choice-3 depth-1\"  >Troisi\u00e8me choix<\/option><\/select><\/div><div id=\"wpforms-541-field_2-container\" class=\"wpforms-field wpforms-field-textarea\" data-field-id=\"2\"><label class=\"wpforms-field-label wpforms-label-hide\" for=\"wpforms-541-field_2\" aria-hidden=\"false\">Comment or Message <span class=\"wpforms-required-label\" aria-hidden=\"true\">*<\/span><\/label><textarea id=\"wpforms-541-field_2\" class=\"wpforms-field-medium wpforms-field-required\" name=\"wpforms[fields][2]\" placeholder=\"Communiquez-moi le maximum d\u2019informations li\u00e9es \u00e0 votre \u00e9v\u00e9nement afin que celui-ci soit un succ\u00e8s : Lieu exact, si la r\u00e9ception se fait en int\u00e9rieur ou en ext\u00e9rieur, vos inspirations, vos contraintes, etc. Vous pouvez \u00e9galement joindre des photos d\u2019inspiration.\" aria-errormessage=\"wpforms-541-field_2-error\" required><\/textarea><\/div><\/div><!-- .wpforms-field-container --><div class=\"wpforms-submit-container\" ><input type=\"hidden\" name=\"wpforms[id]\" value=\"541\"><input type=\"hidden\" name=\"page_title\" value=\"\"><input type=\"hidden\" name=\"page_url\" value=\"https:\/\/mesfrienddisent.com\/index.php?rest_route=\/wp\/v2\/pages\/2206\"><input type=\"hidden\" name=\"url_referer\" value=\"\"><button type=\"submit\" name=\"wpforms[submit]\" id=\"wpforms-submit-541\" class=\"wpforms-submit\" data-alt-text=\"Envoi en cours...\" data-submit-text=\"Envoyer\" aria-live=\"assertive\" value=\"wpforms-submit\">Envoyer<\/button><\/div><\/form><\/div>  <!-- .wpforms-container -->\t\t\t\t<\/div>\n\t\t\t\t<\/div>\n\t\t\t\t<\/div>\n\t\t\t\t\t<\/div>\n\t\t\t\t<\/div>\n\t\t\t\t<\/div>\n\t\t","protected":false},"excerpt":{"rendered":"<p>Formulaire de contact PROFESSIONNEL DU CAKE DESIGN Je suis Lise, la cr\u00e9atrice passionn\u00e9e derri\u00e8re Mes Friends disent, une entreprise d\u00e9di\u00e9e \u00e0 la conception artisanale de g\u00e2teaux sur mesure. Apr\u00e8s presque 10 ans \u00e0 explorer les d\u00e9lices de la p\u00e2tisserie, je fais de ma passion mon m\u00e9tier. Un choix audacieux qui a germ\u00e9 pendant mon cong\u00e9 [&hellip;]<\/p>\n","protected":false},"author":1,"featured_media":0,"parent":0,"menu_order":0,"comment_status":"closed","ping_status":"closed","template":"","meta":{"content-type":"","footnotes":""},"class_list":["post-2206","page","type-page","status-publish","hentry"],"blocksy_meta":[],"yoast_head":"<!-- This site is optimized with the Yoast SEO plugin v27.1.1 - https:\/\/yoast.com\/product\/yoast-seo-wordpress\/ -->\n<title>Formulaire de Contact - Mesfriendisent<\/title>\n<meta name=\"robots\" content=\"index, follow, max-snippet:-1, max-image-preview:large, max-video-preview:-1\" \/>\n<link rel=\"canonical\" href=\"https:\/\/mesfrienddisent.com\/?page_id=2206\" \/>\n<meta property=\"og:locale\" content=\"fr_FR\" \/>\n<meta property=\"og:type\" content=\"article\" \/>\n<meta property=\"og:title\" content=\"Formulaire de Contact - Mesfriendisent\" \/>\n<meta property=\"og:description\" content=\"Formulaire de contact PROFESSIONNEL DU CAKE DESIGN Je suis Lise, la cr\u00e9atrice passionn\u00e9e derri\u00e8re Mes Friends disent, une entreprise d\u00e9di\u00e9e \u00e0 la conception artisanale de g\u00e2teaux sur mesure. Apr\u00e8s presque 10 ans \u00e0 explorer les d\u00e9lices de la p\u00e2tisserie, je fais de ma passion mon m\u00e9tier. Un choix audacieux qui a germ\u00e9 pendant mon cong\u00e9 [&hellip;]\" \/>\n<meta property=\"og:url\" content=\"https:\/\/mesfrienddisent.com\/?page_id=2206\" \/>\n<meta property=\"og:site_name\" content=\"Mesfriendisent\" \/>\n<meta property=\"article:modified_time\" content=\"2025-11-17T20:41:40+00:00\" \/>\n<meta name=\"twitter:card\" content=\"summary_large_image\" \/>\n<meta name=\"twitter:label1\" content=\"Dur\u00e9e de lecture estim\u00e9e\" \/>\n\t<meta name=\"twitter:data1\" content=\"1 minute\" \/>\n<script type=\"application\/ld+json\" class=\"yoast-schema-graph\">{\"@context\":\"https:\/\/schema.org\",\"@graph\":[{\"@type\":\"WebPage\",\"@id\":\"https:\/\/mesfrienddisent.com\/?page_id=2206\",\"url\":\"https:\/\/mesfrienddisent.com\/?page_id=2206\",\"name\":\"Formulaire de Contact - Mesfriendisent\",\"isPartOf\":{\"@id\":\"https:\/\/mesfrienddisent.com\/#website\"},\"datePublished\":\"2024-11-06T13:20:06+00:00\",\"dateModified\":\"2025-11-17T20:41:40+00:00\",\"breadcrumb\":{\"@id\":\"https:\/\/mesfrienddisent.com\/?page_id=2206#breadcrumb\"},\"inLanguage\":\"fr-FR\",\"potentialAction\":[{\"@type\":\"ReadAction\",\"target\":[\"https:\/\/mesfrienddisent.com\/?page_id=2206\"]}]},{\"@type\":\"BreadcrumbList\",\"@id\":\"https:\/\/mesfrienddisent.com\/?page_id=2206#breadcrumb\",\"itemListElement\":[{\"@type\":\"ListItem\",\"position\":1,\"name\":\"Accueil\",\"item\":\"https:\/\/mesfrienddisent.com\/\"},{\"@type\":\"ListItem\",\"position\":2,\"name\":\"Formulaire de Contact\"}]},{\"@type\":\"WebSite\",\"@id\":\"https:\/\/mesfrienddisent.com\/#website\",\"url\":\"https:\/\/mesfrienddisent.com\/\",\"name\":\"Mesfriendisent\",\"description\":\"sp\u00e9cialis\u00e9s dans le cake design et la p\u00e2tisserie fine.\",\"publisher\":{\"@id\":\"https:\/\/mesfrienddisent.com\/#organization\"},\"potentialAction\":[{\"@type\":\"SearchAction\",\"target\":{\"@type\":\"EntryPoint\",\"urlTemplate\":\"https:\/\/mesfrienddisent.com\/?s={search_term_string}\"},\"query-input\":{\"@type\":\"PropertyValueSpecification\",\"valueRequired\":true,\"valueName\":\"search_term_string\"}}],\"inLanguage\":\"fr-FR\"},{\"@type\":\"Organization\",\"@id\":\"https:\/\/mesfrienddisent.com\/#organization\",\"name\":\"Mesfriendisent\",\"url\":\"https:\/\/mesfrienddisent.com\/\",\"logo\":{\"@type\":\"ImageObject\",\"inLanguage\":\"fr-FR\",\"@id\":\"https:\/\/mesfrienddisent.com\/#\/schema\/logo\/image\/\",\"url\":\"\",\"contentUrl\":\"\",\"caption\":\"Mesfriendisent\"},\"image\":{\"@id\":\"https:\/\/mesfrienddisent.com\/#\/schema\/logo\/image\/\"}}]}<\/script>\n<!-- \/ Yoast SEO plugin. -->","yoast_head_json":{"title":"Formulaire de Contact - Mesfriendisent","robots":{"index":"index","follow":"follow","max-snippet":"max-snippet:-1","max-image-preview":"max-image-preview:large","max-video-preview":"max-video-preview:-1"},"canonical":"https:\/\/mesfrienddisent.com\/?page_id=2206","og_locale":"fr_FR","og_type":"article","og_title":"Formulaire de Contact - Mesfriendisent","og_description":"Formulaire de contact PROFESSIONNEL DU CAKE DESIGN Je suis Lise, la cr\u00e9atrice passionn\u00e9e derri\u00e8re Mes Friends disent, une entreprise d\u00e9di\u00e9e \u00e0 la conception artisanale de g\u00e2teaux sur mesure. Apr\u00e8s presque 10 ans \u00e0 explorer les d\u00e9lices de la p\u00e2tisserie, je fais de ma passion mon m\u00e9tier. Un choix audacieux qui a germ\u00e9 pendant mon cong\u00e9 [&hellip;]","og_url":"https:\/\/mesfrienddisent.com\/?page_id=2206","og_site_name":"Mesfriendisent","article_modified_time":"2025-11-17T20:41:40+00:00","twitter_card":"summary_large_image","twitter_misc":{"Dur\u00e9e de lecture estim\u00e9e":"1 minute"},"schema":{"@context":"https:\/\/schema.org","@graph":[{"@type":"WebPage","@id":"https:\/\/mesfrienddisent.com\/?page_id=2206","url":"https:\/\/mesfrienddisent.com\/?page_id=2206","name":"Formulaire de Contact - Mesfriendisent","isPartOf":{"@id":"https:\/\/mesfrienddisent.com\/#website"},"datePublished":"2024-11-06T13:20:06+00:00","dateModified":"2025-11-17T20:41:40+00:00","breadcrumb":{"@id":"https:\/\/mesfrienddisent.com\/?page_id=2206#breadcrumb"},"inLanguage":"fr-FR","potentialAction":[{"@type":"ReadAction","target":["https:\/\/mesfrienddisent.com\/?page_id=2206"]}]},{"@type":"BreadcrumbList","@id":"https:\/\/mesfrienddisent.com\/?page_id=2206#breadcrumb","itemListElement":[{"@type":"ListItem","position":1,"name":"Accueil","item":"https:\/\/mesfrienddisent.com\/"},{"@type":"ListItem","position":2,"name":"Formulaire de Contact"}]},{"@type":"WebSite","@id":"https:\/\/mesfrienddisent.com\/#website","url":"https:\/\/mesfrienddisent.com\/","name":"Mesfriendisent","description":"sp\u00e9cialis\u00e9s dans le cake design et la p\u00e2tisserie fine.","publisher":{"@id":"https:\/\/mesfrienddisent.com\/#organization"},"potentialAction":[{"@type":"SearchAction","target":{"@type":"EntryPoint","urlTemplate":"https:\/\/mesfrienddisent.com\/?s={search_term_string}"},"query-input":{"@type":"PropertyValueSpecification","valueRequired":true,"valueName":"search_term_string"}}],"inLanguage":"fr-FR"},{"@type":"Organization","@id":"https:\/\/mesfrienddisent.com\/#organization","name":"Mesfriendisent","url":"https:\/\/mesfrienddisent.com\/","logo":{"@type":"ImageObject","inLanguage":"fr-FR","@id":"https:\/\/mesfrienddisent.com\/#\/schema\/logo\/image\/","url":"","contentUrl":"","caption":"Mesfriendisent"},"image":{"@id":"https:\/\/mesfrienddisent.com\/#\/schema\/logo\/image\/"}}]}},"_links":{"self":[{"href":"https:\/\/mesfrienddisent.com\/index.php?rest_route=\/wp\/v2\/pages\/2206","targetHints":{"allow":["GET"]}}],"collection":[{"href":"https:\/\/mesfrienddisent.com\/index.php?rest_route=\/wp\/v2\/pages"}],"about":[{"href":"https:\/\/mesfrienddisent.com\/index.php?rest_route=\/wp\/v2\/types\/page"}],"author":[{"embeddable":true,"href":"https:\/\/mesfrienddisent.com\/index.php?rest_route=\/wp\/v2\/users\/1"}],"replies":[{"embeddable":true,"href":"https:\/\/mesfrienddisent.com\/index.php?rest_route=%2Fwp%2Fv2%2Fcomments&post=2206"}],"version-history":[{"count":14,"href":"https:\/\/mesfrienddisent.com\/index.php?rest_route=\/wp\/v2\/pages\/2206\/revisions"}],"predecessor-version":[{"id":3693,"href":"https:\/\/mesfrienddisent.com\/index.php?rest_route=\/wp\/v2\/pages\/2206\/revisions\/3693"}],"wp:attachment":[{"href":"https:\/\/mesfrienddisent.com\/index.php?rest_route=%2Fwp%2Fv2%2Fmedia&parent=2206"}],"curies":[{"name":"wp","href":"https:\/\/api.w.org\/{rel}","templated":true}]}}